{"id":152,"date":"2024-11-25T11:31:37","date_gmt":"2024-11-25T10:31:37","guid":{"rendered":"https:\/\/www.kirsten-controls.de\/kirsten-wp\/?page_id=152"},"modified":"2025-01-31T09:09:28","modified_gmt":"2025-01-31T08:09:28","slug":"messdata","status":"publish","type":"page","link":"https:\/\/www.kirsten-controls.de\/kirsten-wp\/messdata\/","title":{"rendered":"MessData &#8211; Messen, Vergleichen, Dokumentieren von Ger\u00e4tekennlinien"},"content":{"rendered":"\n<h2 class=\"wp-block-heading\"><span class=\"ez-toc-section\" id=\"Was_ist_MessData\"><\/span>Was ist MessData?<span class=\"ez-toc-section-end\"><\/span><\/h2>\n\n\n\n<p>MessData ist eine datenbankbasierte Software, die speziell f\u00fcr die Aufnahme, Auswertung und Dokumentation von Ventilatorkennlinien entwickelt wurde. Dank der flexiblen Struktur kann die Software auch f\u00fcr \u00e4hnliche Produkte wie Pumpen oder Klimager\u00e4te angepasst werden. Wegen den produktspezifischen Daten, die von Hersteller zu Hersteller unterschiedlich bewertet werden, wird der Einsatz von MessData von uns auf das Produkt und die Aufgabenstellung geplant und ausgef\u00fchrt.<\/p>\n\n\n\n<p>MessData gliedert sich in in vier Abschnitte:<\/p>\n\n\n\n<ul class=\"wp-block-list\">\n<li>Datenbanktabellen mit Eingabemasken f\u00fcr die Produktdaten<\/li>\n\n\n\n<li>Messtabelle mit Schnittstelle zum Messprogramm Trendows<\/li>\n\n\n\n<li>Auswerteteil f\u00fcr die produktspezifischen Kennlinien<\/li>\n\n\n\n<li>Export der gemessenen und umgerechneten Daten nach EXCEL<\/li>\n<\/ul>\n\n\n\n<div class=\"wp-block-group alignfull has-raft-bg-alt-background-color has-background is-layout-constrained wp-container-core-group-is-layout-38ba5251 wp-block-group-is-layout-constrained\" style=\"margin-top:0;margin-bottom:0;padding-top:var(--wp--preset--spacing--80);padding-right:var(--wp--preset--spacing--40);padding-bottom:var(--wp--preset--spacing--80);padding-left:var(--wp--preset--spacing--40)\">\n<div class=\"wp-block-group is-layout-constrained wp-container-core-group-is-layout-92b9201d wp-block-group-is-layout-constrained\">\n<h2 class=\"wp-block-heading\"><span class=\"ez-toc-section\" id=\"MessData_Auswertungen\"><\/span>MessData Auswertungen<span class=\"ez-toc-section-end\"><\/span><\/h2>\n\n\n\n<h4 class=\"wp-block-heading\">F\u00fcr die Dokumentation direkt nach der Messung<\/h4>\n<\/div>\n\n\n\n<div class=\"wp-block-group is-layout-flow wp-block-group-is-layout-flow\">\n<div class=\"wp-block-columns is-layout-flex wp-container-core-columns-is-layout-28f84493 wp-block-columns-is-layout-flex\">\n<div class=\"wp-block-column is-layout-flow wp-container-core-column-is-layout-119bc444 wp-block-column-is-layout-flow\">\n<figure class=\"wp-block-image size-full\"><img loading=\"lazy\" decoding=\"async\" width=\"300\" height=\"337\" src=\"https:\/\/www.kirsten-controls.de\/kirsten-wp\/wp-content\/uploads\/2024\/11\/5522.jpg\" alt=\"\" class=\"wp-image-165\" srcset=\"https:\/\/www.kirsten-controls.de\/kirsten-wp\/wp-content\/uploads\/2024\/11\/5522.jpg 300w, https:\/\/www.kirsten-controls.de\/kirsten-wp\/wp-content\/uploads\/2024\/11\/5522-267x300.jpg 267w\" sizes=\"auto, (max-width: 300px) 100vw, 300px\" \/><\/figure>\n\n\n\n<p>Es stehen folgende Auswertungen zur Verf\u00fcgung:<\/p>\n\n\n\n<ul class=\"wp-block-list\">\n<li>Kennlinien charakteristischer Gr\u00f6\u00dfen \u00fcber Volumenstrom<\/li>\n\n\n\n<li>Dimensionslose Gr\u00f6\u00dfen \u00fcber Lieferzahl<\/li>\n\n\n\n<li>Kennlinienfeld im doppellogarithmischen Ma\u00dfstab<\/li>\n\n\n\n<li>Balkendiagramm mit Oktav- und Terzb\u00e4nder des Schalls<\/li>\n\n\n\n<li>Tabelle der Mess- und Ergebniswerte<\/li>\n\n\n\n<li>Tabelle mit Werten an ausgesuchten Schnittpunkten<\/li>\n\n\n\n<li>kundenspezifische Datenbl\u00e4tter<\/li>\n\n\n\n<li>kundenspezifische Auswertungen<\/li>\n<\/ul>\n<\/div>\n\n\n\n<div class=\"wp-block-column is-layout-flow wp-container-core-column-is-layout-119bc444 wp-block-column-is-layout-flow\">\n<p>F\u00fcr Ventlatoren enth\u00e4lt MessData fertige Auswertungen die beliebig in bis zu 10 Varianten gegliedert zusammengestellt und ausgegeben werden k\u00f6nnen. In jeder Variante k\u00f6nnen beliebig viele Seiten mit unterschiedlichen Auswertungen frei zusammengestellt werden.<\/p>\n\n\n\n<figure class=\"wp-block-image size-full is-resized\"><img loading=\"lazy\" decoding=\"async\" width=\"300\" height=\"432\" src=\"https:\/\/www.kirsten-controls.de\/kirsten-wp\/wp-content\/uploads\/2024\/11\/5516.jpg\" alt=\"\" class=\"wp-image-166\" style=\"width:334px;height:auto\" srcset=\"https:\/\/www.kirsten-controls.de\/kirsten-wp\/wp-content\/uploads\/2024\/11\/5516.jpg 300w, https:\/\/www.kirsten-controls.de\/kirsten-wp\/wp-content\/uploads\/2024\/11\/5516-208x300.jpg 208w\" sizes=\"auto, (max-width: 300px) 100vw, 300px\" \/><\/figure>\n<\/div>\n<\/div>\n<\/div>\n<\/div>\n\n\n\n<div class=\"wp-block-group alignfull is-layout-constrained wp-container-core-group-is-layout-b1018d00 wp-block-group-is-layout-constrained\" style=\"margin-top:0px;margin-bottom:0px;padding-top:var(--wp--preset--spacing--80);padding-right:var(--wp--preset--spacing--40);padding-bottom:var(--wp--preset--spacing--80);padding-left:var(--wp--preset--spacing--40)\">\n<div class=\"wp-block-columns alignwide is-layout-flex wp-container-core-columns-is-layout-08c01c1c wp-block-columns-is-layout-flex\">\n<div class=\"wp-block-column is-layout-flow wp-container-core-column-is-layout-119bc444 wp-block-column-is-layout-flow\">\n<h2 class=\"wp-block-heading\"><span class=\"ez-toc-section\" id=\"Detaillierte_Kennlinien\"><\/span>Detaillierte Kennlinien<span class=\"ez-toc-section-end\"><\/span><\/h2>\n\n\n\n<p>MessData erm\u00f6glicht die pr\u00e4zise Berechnung und grafische Darstellung produktspezifischer Kennlinien, wie beispielsweise doppellogarithmische Kennlinienfelder von Ventilatoren. F\u00fcr weiterf\u00fchrende Analysen lassen sich alle Mess- und Ergebnisdaten unkompliziert in Excel exportieren.<\/p>\n<\/div>\n\n\n\n<div class=\"wp-block-column is-layout-flow wp-container-core-column-is-layout-119bc444 wp-block-column-is-layout-flow\">\n<h2 class=\"wp-block-heading\"><span class=\"ez-toc-section\" id=\"Vergleich_von_Messungen\"><\/span>Vergleich von Messungen<span class=\"ez-toc-section-end\"><\/span><\/h2>\n\n\n\n<p>Mit MesssData k\u00f6nnen beliebig viele Ventilatoren mit deren Mess- und Ergebniswerte dargestellt und verglichen werden. \u00dcber die \u00c4hnlichkeitsgesetze k\u00f6nnen die Leistungsdaten der Ventilatoren auf andere Bedingungen umgerechnet und gegen\u00fcber gestellt werden.<\/p>\n<\/div>\n\n\n\n<div class=\"wp-block-column is-layout-flow wp-container-core-column-is-layout-119bc444 wp-block-column-is-layout-flow\">\n<h2 class=\"wp-block-heading\"><span class=\"ez-toc-section\" id=\"Schnittstelle_zu_Trendows\"><\/span>Schnittstelle zu Trendows<span class=\"ez-toc-section-end\"><\/span><\/h2>\n\n\n\n<p>Nahtlose Schnittstelle zum Messprogramm<em> <\/em>Trendows, um die aktuelle Messung zu \u00fcbernehmen. Zudem k\u00f6nnen die Messdaten aus Trendows live in MessData angezeigt werden.<\/p>\n<\/div>\n<\/div>\n<\/div>\n\n\n\n<div style=\"height:75px\" aria-hidden=\"true\" class=\"wp-block-spacer\"><\/div>\n\n\n\n<h2 class=\"wp-block-heading\"><span class=\"ez-toc-section\" id=\"Unsere_Dienstleistungen_fuer_Ventilatorpruefstaende\"><\/span>Unsere Dienstleistungen f\u00fcr Ventilatorpr\u00fcfst\u00e4nde<span class=\"ez-toc-section-end\"><\/span><\/h2>\n\n\n\n<p>Durch die Vielzahl durchgef\u00fchrter Anwendungen \u00fcbernehmen wir eine Reihe weiterer Aufgaben rund um den Ventilator und den Ventilatorpr\u00fcfstand:<\/p>\n\n\n\n<ul class=\"wp-block-list\">\n<li>Beratung \u00fcber die Auswahl der Messtechnik<\/li>\n\n\n\n<li>Dimensionierung der Pr\u00fcfst\u00e4nde nach ISO5801 und AMCA<\/li>\n\n\n\n<li>Planung und Bau der Pr\u00fcfst\u00e4nde mit Partnerunternehmen<\/li>\n\n\n\n<li>Softwareinstallation<\/li>\n\n\n\n<li>Inbetriebnahme und Einweisung in den Pr\u00fcfstand<\/li>\n\n\n\n<li>Schulung der Mitarbeiter in die Software und Hardware<\/li>\n<\/ul>\n\n\n\n<div style=\"height:61px\" aria-hidden=\"true\" class=\"wp-block-spacer\"><\/div>\n\n\n\n<div class=\"wp-block-buttons is-content-justification-center is-layout-flex wp-container-core-buttons-is-layout-a89b3969 wp-block-buttons-is-layout-flex\">\n<div class=\"wp-block-button\"><a class=\"wp-block-button__link wp-element-button\" href=\"https:\/\/www.kirsten-controls.de\/Datenblaetter\/Ventilatorpruefstaende.pdf\" target=\"_blank\" rel=\"noreferrer noopener\">Mehr Informationen<\/a><\/div>\n<\/div>\n\n\n\n<div style=\"height:100px\" aria-hidden=\"true\" class=\"wp-block-spacer\"><\/div>\n\n\n\n<div class=\"wp-block-group alignfull has-raft-fg-alt-color has-raft-accent-background-color has-text-color has-background is-layout-constrained wp-container-core-group-is-layout-87ba1f51 wp-block-group-is-layout-constrained\" style=\"margin-top:0px;margin-bottom:0px;padding-top:var(--wp--preset--spacing--80);padding-right:var(--wp--preset--spacing--40);padding-bottom:var(--wp--preset--spacing--80);padding-left:var(--wp--preset--spacing--40)\">\n<h2 class=\"wp-block-heading has-text-align-center has-raft-fg-alt-color has-text-color\">Nehmen Sie Kontakt mit uns auf!<\/h2>\n\n\n\n<div class=\"wp-block-buttons is-content-justification-center is-layout-flex wp-container-core-buttons-is-layout-a89b3969 wp-block-buttons-is-layout-flex\">\n<div class=\"wp-block-button is-style-fill\"><a class=\"wp-block-button__link has-raft-fg-alt-color has-text-color wp-element-button\" href=\"https:\/\/www.kirsten-controls.de\/kirsten-wp\/kontakt\/\">Kontakt<\/a><\/div>\n<\/div>\n<\/div>\n","protected":false},"excerpt":{"rendered":"<p>Was ist MessData? MessData ist eine datenbankbasierte Software, die speziell f\u00fcr die Aufnahme, Auswertung und Dokumentation von Ventilatorkennlinien entwickelt wurde. Dank der flexiblen Struktur kann die Software auch f\u00fcr \u00e4hnliche Produkte wie Pumpen oder Klimager\u00e4te angepasst werden. Wegen den produktspezifischen Daten, die von Hersteller zu Hersteller unterschiedlich bewertet werden, wird der Einsatz von MessData von [&hellip;]<\/p>\n","protected":false},"author":1,"featured_media":0,"parent":0,"menu_order":0,"comment_status":"closed","ping_status":"closed","template":"","meta":{"footnotes":""},"class_list":["post-152","page","type-page","status-publish","hentry"],"_links":{"self":[{"href":"https:\/\/www.kirsten-controls.de\/kirsten-wp\/wp-json\/wp\/v2\/pages\/152","targetHints":{"allow":["GET"]}}],"collection":[{"href":"https:\/\/www.kirsten-controls.de\/kirsten-wp\/wp-json\/wp\/v2\/pages"}],"about":[{"href":"https:\/\/www.kirsten-controls.de\/kirsten-wp\/wp-json\/wp\/v2\/types\/page"}],"author":[{"embeddable":true,"href":"https:\/\/www.kirsten-controls.de\/kirsten-wp\/wp-json\/wp\/v2\/users\/1"}],"replies":[{"embeddable":true,"href":"https:\/\/www.kirsten-controls.de\/kirsten-wp\/wp-json\/wp\/v2\/comments?post=152"}],"version-history":[{"count":46,"href":"https:\/\/www.kirsten-controls.de\/kirsten-wp\/wp-json\/wp\/v2\/pages\/152\/revisions"}],"predecessor-version":[{"id":659,"href":"https:\/\/www.kirsten-controls.de\/kirsten-wp\/wp-json\/wp\/v2\/pages\/152\/revisions\/659"}],"wp:attachment":[{"href":"https:\/\/www.kirsten-controls.de\/kirsten-wp\/wp-json\/wp\/v2\/media?parent=152"}],"curies":[{"name":"wp","href":"https:\/\/api.w.org\/{rel}","templated":true}]}}