{"id":224,"date":"2024-11-25T15:44:38","date_gmt":"2024-11-25T14:44:38","guid":{"rendered":"https:\/\/www.kirsten-controls.de\/kirsten-wp\/?page_id=224"},"modified":"2025-02-07T12:32:19","modified_gmt":"2025-02-07T11:32:19","slug":"trendchart","status":"publish","type":"page","link":"https:\/\/www.kirsten-controls.de\/kirsten-wp\/trendchart\/","title":{"rendered":"TrendChart &#8211; effiziente Analyse gro\u00dfer Datenmengen"},"content":{"rendered":"\n<h2 class=\"wp-block-heading\"><span class=\"ez-toc-section\" id=\"Was_ist_TrendChart\"><\/span>Was ist TrendChart?<span class=\"ez-toc-section-end\"><\/span><\/h2>\n\n\n\n<p>TrendChart ist eine leistungsf\u00e4hige Softwarel\u00f6sung zur Auswertung gro\u00dfer Datenmengen, wie sie in Leitwarten prozesstechnischer Anlagen anfallen und in Datenbanken gespeichert werden. TrendChart bietet mehr Auswertefunktionen als herk\u00f6mmliche Leittechnik und erm\u00f6glicht eine tiefgehende Datenanalyse. Sie \u00fcberwindet die Kapazit\u00e4tsgrenze von externer Standardsoftware wie z.B. Excel. Mit TrendChart k\u00f6nnen Daten aus verschiedenen Quellen <strong>zeitsynchron <\/strong>zusammengef\u00fchrt, sofort visualisiert und mithilfe definierter Mathematikkan\u00e4le umgerechnet werden. Die Software bietet schnelle Datenverarbeitung, benutzerfreundliche Auswertungsfunktionen und ist ideal f\u00fcr die Ereignissuche, Mittelwert- und Summenbildung sowie Verbrauchsermittlungen in spezifischen Zeitr\u00e4umen.<\/p>\n\n\n\n<p>Dadurch ist TrendChart pr\u00e4destiniert f\u00fcr:<\/p>\n\n\n\n<ul class=\"wp-block-list\">\n<li>Ermittlung von Emissions- und Immissionswerten in vorgebbaren Zeitintervallen<\/li>\n\n\n\n<li>Ermittlung von Durchfl\u00fcssen und deren Summierung zu Verbrauchswerten<\/li>\n\n\n\n<li>Ermittlung von Verbrauchswerten aufgrund von Z\u00e4hlerst\u00e4nden<\/li>\n<\/ul>\n\n\n\n<div style=\"height:30px\" aria-hidden=\"true\" class=\"wp-block-spacer\"><\/div>\n\n\n\n<h2 class=\"wp-block-heading\"><span class=\"ez-toc-section\" id=\"Messdaten_aus_unterschiedlichen_Quellen_zusammenfuehren\"><\/span>Messdaten aus unterschiedlichen Quellen zusammenf\u00fchren<span class=\"ez-toc-section-end\"><\/span><\/h2>\n\n\n\n<figure class=\"wp-block-image aligncenter size-full\"><img loading=\"lazy\" decoding=\"async\" width=\"1338\" height=\"753\" src=\"https:\/\/www.kirsten-controls.de\/kirsten-wp\/wp-content\/uploads\/2025\/01\/2.png\" alt=\"\" class=\"wp-image-474\" srcset=\"https:\/\/www.kirsten-controls.de\/kirsten-wp\/wp-content\/uploads\/2025\/01\/2.png 1338w, https:\/\/www.kirsten-controls.de\/kirsten-wp\/wp-content\/uploads\/2025\/01\/2-300x169.png 300w, https:\/\/www.kirsten-controls.de\/kirsten-wp\/wp-content\/uploads\/2025\/01\/2-1024x576.png 1024w, https:\/\/www.kirsten-controls.de\/kirsten-wp\/wp-content\/uploads\/2025\/01\/2-768x432.png 768w\" sizes=\"auto, (max-width: 1338px) 100vw, 1338px\" \/><\/figure>\n\n\n\n<div style=\"height:30px\" aria-hidden=\"true\" class=\"wp-block-spacer\"><\/div>\n\n\n\n<p>F\u00fcr pr\u00e4zise Analysen und Messaufgaben ist es oft notwendig, Daten aus Leitwarten und unabh\u00e4ngigen Messger\u00e4ten zu kombinieren. Mit TrendChart wird diese Zusammenf\u00fchrung einfach und effizient erm\u00f6glicht. TrendChart erm\u00f6glicht eine Zusammenf\u00fchrung der Messdaten mit:<\/p>\n\n\n\n<ul class=\"wp-block-list\">\n<li>zeitsynchroner Zusammenf\u00fchrung in einen Datensatz <\/li>\n\n\n\n<li>unseren Messboxen vom Typ MBI<\/li>\n\n\n\n<li>MySQL oder MS-SQL Datenbanken<\/li>\n\n\n\n<li>Datenfiles im JSON oder CSV Format<\/li>\n\n\n\n<li>Trendows Datenfiles <\/li>\n\n\n\n<li>optionale Datenquellen durch unsere Softwareentwicklung<\/li>\n<\/ul>\n\n\n\n<div style=\"height:30px\" aria-hidden=\"true\" class=\"wp-block-spacer\"><\/div>\n\n\n\n<h2 class=\"wp-block-heading\"><span class=\"ez-toc-section\" id=\"TrendChart_vs_Excel\"><\/span>TrendChart vs Excel<span class=\"ez-toc-section-end\"><\/span><\/h2>\n\n\n\n<p>TrendChart bietet entscheidende Vorteile gegen\u00fcber Excel, wenn es um die Verarbeitung und Analyse gro\u00dfer Datenmengen aus prozesstechnischen Anlagen geht. W\u00e4hrend Excel bei sehr gro\u00dfen Datens\u00e4tzen schnell an seine Leistungsgrenzen st\u00f6\u00dft und h\u00e4ufig manuelle Datenreduktionen erfordert, verarbeitet TrendChart diese Daten effizient und ohne Einschr\u00e4nkungen. Die Software erm\u00f6glicht ein bis zu dreimal schnelleres Einlesen von Daten inklusive Zeitstempeln und stellt diese sofort in \u00fcbersichtlichen Kennliniendiagrammen dar. &nbsp;Im Gegensatz zu Excel ist TrendChart speziell f\u00fcr die Anforderungen der Prozessindustrie entwickelt worden und erleichtert durch seine benutzerfreundliche Oberfl\u00e4che die tiefgehende Analyse gro\u00dfer Datenmengen erheblich.<\/p>\n\n\n\n<div style=\"height:30px\" aria-hidden=\"true\" class=\"wp-block-spacer\"><\/div>\n\n\n\n<h2 class=\"wp-block-heading\"><span class=\"ez-toc-section\" id=\"Praktikable_Auswertefunktionen\"><\/span>Praktikable Auswertefunktionen<span class=\"ez-toc-section-end\"><\/span><\/h2>\n\n\n\n<figure class=\"wp-block-image size-full\"><img loading=\"lazy\" decoding=\"async\" width=\"1377\" height=\"774\" src=\"https:\/\/www.kirsten-controls.de\/kirsten-wp\/wp-content\/uploads\/2025\/01\/3.png\" alt=\"\" class=\"wp-image-476\" srcset=\"https:\/\/www.kirsten-controls.de\/kirsten-wp\/wp-content\/uploads\/2025\/01\/3.png 1377w, https:\/\/www.kirsten-controls.de\/kirsten-wp\/wp-content\/uploads\/2025\/01\/3-300x169.png 300w, https:\/\/www.kirsten-controls.de\/kirsten-wp\/wp-content\/uploads\/2025\/01\/3-1024x576.png 1024w, https:\/\/www.kirsten-controls.de\/kirsten-wp\/wp-content\/uploads\/2025\/01\/3-768x432.png 768w\" sizes=\"auto, (max-width: 1377px) 100vw, 1377px\" \/><\/figure>\n\n\n\n<div style=\"height:30px\" aria-hidden=\"true\" class=\"wp-block-spacer\"><\/div>\n\n\n\n<p>TrendChart erleichtert die Auswertung der Daten, indem Bedienungsschritte zusammen gefasst wurden. So ist keine Suche nach Datenfiles notwendig! Die besonderen Merkmale von TrendChart sind:<\/p>\n\n\n\n<ul class=\"wp-block-list\">\n<li>Kennliniendarstellung in bis zu 20 Monitorseiten<\/li>\n\n\n\n<li>pro Monitorseite max. 3 \u00fcbereinanderliegenden y\/t-Diagramme<\/li>\n\n\n\n<li>pro y\/t-Diagramm max. 3 Y-Achsen<\/li>\n\n\n\n<li>Statusanzeige zur Kennzeichnung von Ereignissen<\/li>\n\n\n\n<li>Werteanzeige am Mauszeiger<\/li>\n\n\n\n<li>statistische H\u00e4ufigkeitsverteilung von jeder Kennlinie abrufbar <\/li>\n\n\n\n<li>Zoom- und Verschiebefunktionen<\/li>\n\n\n\n<li>Eine Datenauswertung in eine w\u00e4hlbare EXCEL-Arbeitsmappe oder in die Zwischenablage<\/li>\n<\/ul>\n\n\n\n<p>Mit TrendChart bleiben Sie flexibel: Ergebnisse k\u00f6nnen jederzeit nach Abschluss der Messung neu definiert und berechnet werden. Dadurch entf\u00e4llt die Notwendigkeit, Berechnungen bereits vor der Messung festzulegen. F\u00fcr maximale Anpassungsf\u00e4higkeit stehen bis zu 99 Rechenkan\u00e4le zur Verf\u00fcgung.<\/p>\n\n\n\n<div style=\"height:56px\" aria-hidden=\"true\" class=\"wp-block-spacer\"><\/div>\n\n\n\n<div class=\"wp-block-group alignfull has-raft-fg-alt-color has-raft-accent-background-color has-text-color has-background is-layout-constrained wp-container-core-group-is-layout-87ba1f51 wp-block-group-is-layout-constrained\" style=\"margin-top:0px;margin-bottom:0px;padding-top:var(--wp--preset--spacing--80);padding-right:var(--wp--preset--spacing--40);padding-bottom:var(--wp--preset--spacing--80);padding-left:var(--wp--preset--spacing--40)\">\n<h2 class=\"wp-block-heading has-text-align-center has-raft-fg-alt-color has-text-color\">Nehmen Sie Kontakt mit uns auf!<\/h2>\n\n\n\n<div class=\"wp-block-buttons is-content-justification-center is-layout-flex wp-container-core-buttons-is-layout-a89b3969 wp-block-buttons-is-layout-flex\">\n<div class=\"wp-block-button is-style-fill\"><a class=\"wp-block-button__link has-raft-fg-alt-color has-text-color wp-element-button\" href=\"https:\/\/www.kirsten-controls.de\/kirsten-wp\/kontakt\/\">Kontakt<\/a><\/div>\n<\/div>\n<\/div>\n","protected":false},"excerpt":{"rendered":"<p>Was ist TrendChart? TrendChart ist eine leistungsf\u00e4hige Softwarel\u00f6sung zur Auswertung gro\u00dfer Datenmengen, wie sie in Leitwarten prozesstechnischer Anlagen anfallen und in Datenbanken gespeichert werden. TrendChart bietet mehr Auswertefunktionen als herk\u00f6mmliche Leittechnik und erm\u00f6glicht eine tiefgehende Datenanalyse. Sie \u00fcberwindet die Kapazit\u00e4tsgrenze von externer Standardsoftware wie z.B. Excel. Mit TrendChart k\u00f6nnen Daten aus verschiedenen Quellen zeitsynchron zusammengef\u00fchrt, [&hellip;]<\/p>\n","protected":false},"author":1,"featured_media":0,"parent":0,"menu_order":0,"comment_status":"closed","ping_status":"closed","template":"","meta":{"footnotes":""},"class_list":["post-224","page","type-page","status-publish","hentry"],"_links":{"self":[{"href":"https:\/\/www.kirsten-controls.de\/kirsten-wp\/wp-json\/wp\/v2\/pages\/224","targetHints":{"allow":["GET"]}}],"collection":[{"href":"https:\/\/www.kirsten-controls.de\/kirsten-wp\/wp-json\/wp\/v2\/pages"}],"about":[{"href":"https:\/\/www.kirsten-controls.de\/kirsten-wp\/wp-json\/wp\/v2\/types\/page"}],"author":[{"embeddable":true,"href":"https:\/\/www.kirsten-controls.de\/kirsten-wp\/wp-json\/wp\/v2\/users\/1"}],"replies":[{"embeddable":true,"href":"https:\/\/www.kirsten-controls.de\/kirsten-wp\/wp-json\/wp\/v2\/comments?post=224"}],"version-history":[{"count":26,"href":"https:\/\/www.kirsten-controls.de\/kirsten-wp\/wp-json\/wp\/v2\/pages\/224\/revisions"}],"predecessor-version":[{"id":771,"href":"https:\/\/www.kirsten-controls.de\/kirsten-wp\/wp-json\/wp\/v2\/pages\/224\/revisions\/771"}],"wp:attachment":[{"href":"https:\/\/www.kirsten-controls.de\/kirsten-wp\/wp-json\/wp\/v2\/media?parent=224"}],"curies":[{"name":"wp","href":"https:\/\/api.w.org\/{rel}","templated":true}]}}