{"id":28,"date":"2024-11-18T15:13:44","date_gmt":"2024-11-18T14:13:44","guid":{"rendered":"https:\/\/www.kirsten-controls.de\/kirsten-wp\/?page_id=28"},"modified":"2025-10-24T16:36:38","modified_gmt":"2025-10-24T14:36:38","slug":"download","status":"publish","type":"page","link":"https:\/\/www.kirsten-controls.de\/kirsten-wp\/download\/","title":{"rendered":"Download"},"content":{"rendered":"\n<div class=\"wp-block-group alignfull is-layout-constrained wp-container-core-group-is-layout-b1018d00 wp-block-group-is-layout-constrained\" style=\"margin-top:0px;margin-bottom:0px;padding-top:var(--wp--preset--spacing--80);padding-right:var(--wp--preset--spacing--40);padding-bottom:var(--wp--preset--spacing--80);padding-left:var(--wp--preset--spacing--40)\">\n<div class=\"wp-block-columns alignwide is-layout-flex wp-container-core-columns-is-layout-08c01c1c wp-block-columns-is-layout-flex\">\n<div class=\"wp-block-column is-layout-flow wp-container-core-column-is-layout-119bc444 wp-block-column-is-layout-flow\">\n<h3 class=\"wp-block-heading\">Trendows Vollversion V6.0.3.1<\/h3>\n\n\n\n<p>Die Vollversion startet als Demoversion und ist 30min lang mit allen Funktionen voll betreibbar. Nach Ablauf der 30min speichert Trendows die Arbeiten ab und schlie\u00dft. Danach kann Trendows f\u00fcr weitere 30min gestartet werden.<\/p>\n\n\n\n<div class=\"wp-block-buttons is-layout-flex wp-block-buttons-is-layout-flex\">\n<div class=\"wp-block-button\"><a class=\"wp-block-button__link wp-element-button\" href=\"https:\/\/kirsten-controls.de\/Download\/Trendows-Setup-6.0.3.1.exe\">Download<\/a><\/div>\n<\/div>\n<\/div>\n\n\n\n<div class=\"wp-block-column is-layout-flow wp-container-core-column-is-layout-119bc444 wp-block-column-is-layout-flow\">\n<h3 class=\"wp-block-heading\">Trendows Installationsanleitung<\/h3>\n\n\n\n<p>Schritt-f\u00fcr-Schritt Anleitung zur Installation, Lizenzierung und Inbetriebnahme von Trendows auf Windows-Systemen. Enth\u00e4lt Hinweise zu Updates, automatischem Start und Netzwerkinstallationen.<\/p>\n\n\n\n<div class=\"wp-block-buttons is-layout-flex wp-block-buttons-is-layout-flex\">\n<div class=\"wp-block-button\"><a class=\"wp-block-button__link wp-element-button\" href=\"https:\/\/kirsten-controls.de\/Download\/Installation.pdf\">Download<\/a><\/div>\n<\/div>\n<\/div>\n\n\n\n<div class=\"wp-block-column is-layout-flow wp-container-core-column-is-layout-119bc444 wp-block-column-is-layout-flow\">\n<h3 class=\"wp-block-heading\">Trendows Anleitung Beispiel-Labor<\/h3>\n\n\n\n<p>Demonstriert die wichtigsten Funktionen von Trendows anhand des Arbeitsblatts <em>Beispiel-Labor.ela<\/em>: Messwerterfassung, Visualisierung, Alarmierung, Regelung und Auswertung. Ideal f\u00fcr erste Tests und Schulungen.<\/p>\n\n\n\n<div class=\"wp-block-buttons is-layout-flex wp-block-buttons-is-layout-flex\">\n<div class=\"wp-block-button\"><a class=\"wp-block-button__link wp-element-button\" href=\"https:\/\/kirsten-controls.de\/Download\/Kurzanleitung_Beispiel-Labor.pdf\">Download<\/a><\/div>\n<\/div>\n<\/div>\n<\/div>\n<\/div>\n\n\n\n<div class=\"wp-block-group alignfull is-layout-constrained wp-container-core-group-is-layout-b1018d00 wp-block-group-is-layout-constrained\" style=\"margin-top:0px;margin-bottom:0px;padding-top:var(--wp--preset--spacing--80);padding-right:var(--wp--preset--spacing--40);padding-bottom:var(--wp--preset--spacing--80);padding-left:var(--wp--preset--spacing--40)\">\n<div class=\"wp-block-columns alignwide is-layout-flex wp-container-core-columns-is-layout-08c01c1c wp-block-columns-is-layout-flex\">\n<div class=\"wp-block-column is-layout-flow wp-container-core-column-is-layout-119bc444 wp-block-column-is-layout-flow\">\n<h3 class=\"wp-block-heading\">Programmfile ReadRaspi V 5.3<\/h3>\n\n\n\n<p>ReadRaspi ist das Programmtool zum Auslesen und zur Konfiguration des RasPi-Loggers.Der Download erfolgt in einem ZIP-File. In dem ZIP-Ordner befindet sich auch das Update der Programmdatei \u201eMess\u201c des Raspi-Loggers, das \u00fcber ReadRaspi in den Rasberry Pi geladen wird.<\/p>\n\n\n\n<div class=\"wp-block-buttons is-layout-flex wp-block-buttons-is-layout-flex\">\n<div class=\"wp-block-button\"><a class=\"wp-block-button__link wp-element-button\" href=\"https:\/\/kirsten-controls.de\/Download\/ReadRaspi.zip\">Download<\/a><\/div>\n<\/div>\n<\/div>\n\n\n\n<div class=\"wp-block-column is-layout-flow wp-container-core-column-is-layout-119bc444 wp-block-column-is-layout-flow\">\n<h3 class=\"wp-block-heading\">Programmfile Trendows V6.0.3.1<\/h3>\n\n\n\n<p>Falls Trendows bereits installiert ist, gen\u00fcgt es das Programmfile Trendows.exe zu erneuern. Der Download erfolgt in einem ZIP-File. Sollte es zu Problemen nach Erneuerung des Programmfiles kommen, bitte die Vollversion installieren.<\/p>\n\n\n\n<div class=\"wp-block-buttons is-layout-flex wp-block-buttons-is-layout-flex\">\n<div class=\"wp-block-button\"><a class=\"wp-block-button__link wp-element-button\" href=\"https:\/\/kirsten-controls.de\/Download\/Trendows.zip\">Download<\/a><\/div>\n<\/div>\n<\/div>\n\n\n\n<div class=\"wp-block-column is-layout-flow wp-container-core-column-is-layout-119bc444 wp-block-column-is-layout-flow\">\n<h3 class=\"wp-block-heading\">Programmfile Trendows V5.6.5.1 english<\/h3>\n\n\n\n<p>For an already installed English full version, this version can be used to update the existing version. The download is in a ZIP file.<\/p>\n\n\n\n<div class=\"wp-block-buttons is-layout-flex wp-block-buttons-is-layout-flex\">\n<div class=\"wp-block-button\"><a class=\"wp-block-button__link wp-element-button\" href=\"https:\/\/kirsten-controls.de\/Download\/Trendows-e.zip\">Download<\/a><\/div>\n<\/div>\n<\/div>\n<\/div>\n<\/div>\n\n\n\n<div class=\"wp-block-group alignfull is-layout-constrained wp-container-core-group-is-layout-b1018d00 wp-block-group-is-layout-constrained\" style=\"margin-top:0px;margin-bottom:0px;padding-top:var(--wp--preset--spacing--80);padding-right:var(--wp--preset--spacing--40);padding-bottom:var(--wp--preset--spacing--80);padding-left:var(--wp--preset--spacing--40)\">\n<div class=\"wp-block-columns alignwide is-layout-flex wp-container-core-columns-is-layout-08c01c1c wp-block-columns-is-layout-flex\">\n<div class=\"wp-block-column is-layout-flow wp-container-core-column-is-layout-119bc444 wp-block-column-is-layout-flow\">\n<h3 class=\"wp-block-heading\">Konfigurations-software f\u00fcr die Ethernetadapter<\/h3>\n\n\n\n<p>In den Messboxen sind f\u00fcr die RS232- und RS485-Schnittstellen Ethernetadapter derSerie I-7188Ex eingebaut. Die VxComm Software installiert Kommunikationstreiber unter WINDOWS f\u00fcr den Betrieb von Fremdsoftware z.B. der ADAM 4000-5000 Urility. Die VxComm legt virtuelle COM-Schnittstellen an, die im Ger\u00e4temanager von WINDOWS angezeigt werden.<\/p>\n\n\n\n<div class=\"wp-block-buttons is-layout-flex wp-block-buttons-is-layout-flex\">\n<div class=\"wp-block-button\"><a class=\"wp-block-button__link wp-element-button\" href=\"https:\/\/kirsten-controls.de\/Download\/Vxcomm.zip\">Download<\/a><\/div>\n<\/div>\n<\/div>\n\n\n\n<div class=\"wp-block-column is-layout-flow wp-container-core-column-is-layout-119bc444 wp-block-column-is-layout-flow\">\n<h3 class=\"wp-block-heading\">Programmfile ReadRaspi V 4.0<\/h3>\n\n\n\n<p>ReadRaspi ist 4.0 ist f\u00fcr alle Anwendungen g\u00fcltig und anzuwenden f\u00fcr RMC und Messboxen vom Typ MBI, die vor dem 30.12.2020 bezogen worden sind.<\/p>\n\n\n\n<div class=\"wp-block-buttons is-layout-flex wp-block-buttons-is-layout-flex\">\n<div class=\"wp-block-button\"><a class=\"wp-block-button__link wp-element-button\" href=\"https:\/\/kirsten-controls.de\/Download\/ReadRaspi-4001.zip\">Download<\/a><\/div>\n<\/div>\n<\/div>\n\n\n\n<div class=\"wp-block-column is-layout-flow wp-container-core-column-is-layout-119bc444 wp-block-column-is-layout-flow\">\n<h3 class=\"wp-block-heading\">Konfigurations-software f\u00fcr die ADAM-Module<br><\/h3>\n\n\n\n<p>F\u00fcr die Umstellung der in den Messboxen verbauten Module auf andere Busadressen oder Kalibrierung der Module ist die ADAM4000-5000 Utility Software erforderlich<\/p>\n\n\n\n<div class=\"wp-block-buttons is-layout-flex wp-block-buttons-is-layout-flex\">\n<div class=\"wp-block-button\"><a class=\"wp-block-button__link wp-element-button\" href=\"https:\/\/kirsten-controls.de\/Download\/ADAM.exe\">Download<\/a><\/div>\n<\/div>\n<\/div>\n<\/div>\n<\/div>\n\n\n\n<p>Auf Kundenwunsch realisieren wir kundenspezifische Erweiterungen wie z.B. Sonderauswertungen und die Aufnahme von Kommunikationstreibern. Sprechen Sie uns an, wenn Sie spezielle Anforderungen haben.<\/p>\n\n\n\n<div style=\"height:50px\" aria-hidden=\"true\" class=\"wp-block-spacer\"><\/div>\n\n\n\n<p>Wir behalten uns vor, bei System\u00e4nderungen von WINDOWS, die zu wesentlichen Struktur\u00e4nderungen unserer Programme f\u00fchren, Upgrades kostenpflichtig bereit zu stellen.<\/p>\n\n\n\n<div style=\"height:100px\" aria-hidden=\"true\" class=\"wp-block-spacer\"><\/div>\n\n\n\n<div class=\"wp-block-group alignfull has-raft-fg-alt-color has-raft-accent-background-color has-text-color has-background is-layout-constrained wp-container-core-group-is-layout-87ba1f51 wp-block-group-is-layout-constrained\" style=\"margin-top:0px;margin-bottom:0px;padding-top:var(--wp--preset--spacing--80);padding-right:var(--wp--preset--spacing--40);padding-bottom:var(--wp--preset--spacing--80);padding-left:var(--wp--preset--spacing--40)\">\n<h2 class=\"wp-block-heading has-text-align-center has-raft-fg-alt-color has-text-color\">Nehmen Sie Kontakt mit uns auf!<\/h2>\n\n\n\n<div class=\"wp-block-buttons is-content-justification-center is-layout-flex wp-container-core-buttons-is-layout-a89b3969 wp-block-buttons-is-layout-flex\">\n<div class=\"wp-block-button is-style-fill\"><a class=\"wp-block-button__link has-raft-fg-alt-color has-text-color wp-element-button\" href=\"https:\/\/www.kirsten-controls.de\/kirsten-wp\/kontakt\/\">Kontakt<\/a><\/div>\n<\/div>\n<\/div>\n","protected":false},"excerpt":{"rendered":"<p>Trendows Vollversion V6.0.3.1 Die Vollversion startet als Demoversion und ist 30min lang mit allen Funktionen voll betreibbar. Nach Ablauf der 30min speichert Trendows die Arbeiten ab und schlie\u00dft. Danach kann Trendows f\u00fcr weitere 30min gestartet werden. Trendows Installationsanleitung Schritt-f\u00fcr-Schritt Anleitung zur Installation, Lizenzierung und Inbetriebnahme von Trendows auf Windows-Systemen. Enth\u00e4lt Hinweise zu Updates, automatischem Start [&hellip;]<\/p>\n","protected":false},"author":1,"featured_media":0,"parent":0,"menu_order":0,"comment_status":"closed","ping_status":"closed","template":"","meta":{"footnotes":""},"class_list":["post-28","page","type-page","status-publish","hentry"],"_links":{"self":[{"href":"https:\/\/www.kirsten-controls.de\/kirsten-wp\/wp-json\/wp\/v2\/pages\/28","targetHints":{"allow":["GET"]}}],"collection":[{"href":"https:\/\/www.kirsten-controls.de\/kirsten-wp\/wp-json\/wp\/v2\/pages"}],"about":[{"href":"https:\/\/www.kirsten-controls.de\/kirsten-wp\/wp-json\/wp\/v2\/types\/page"}],"author":[{"embeddable":true,"href":"https:\/\/www.kirsten-controls.de\/kirsten-wp\/wp-json\/wp\/v2\/users\/1"}],"replies":[{"embeddable":true,"href":"https:\/\/www.kirsten-controls.de\/kirsten-wp\/wp-json\/wp\/v2\/comments?post=28"}],"version-history":[{"count":37,"href":"https:\/\/www.kirsten-controls.de\/kirsten-wp\/wp-json\/wp\/v2\/pages\/28\/revisions"}],"predecessor-version":[{"id":830,"href":"https:\/\/www.kirsten-controls.de\/kirsten-wp\/wp-json\/wp\/v2\/pages\/28\/revisions\/830"}],"wp:attachment":[{"href":"https:\/\/www.kirsten-controls.de\/kirsten-wp\/wp-json\/wp\/v2\/media?parent=28"}],"curies":[{"name":"wp","href":"https:\/\/api.w.org\/{rel}","templated":true}]}}