{"id":305,"date":"2024-12-10T13:58:17","date_gmt":"2024-12-10T12:58:17","guid":{"rendered":"https:\/\/www.kirsten-controls.de\/kirsten-wp\/?page_id=305"},"modified":"2025-02-06T11:37:22","modified_gmt":"2025-02-06T10:37:22","slug":"messcontroller","status":"publish","type":"page","link":"https:\/\/www.kirsten-controls.de\/kirsten-wp\/messcontroller\/","title":{"rendered":"MessController &#8211; integriert messen, speichern und kommunizieren"},"content":{"rendered":"\n<h2 class=\"wp-block-heading\"><span class=\"ez-toc-section\" id=\"RasPi-MessController_RMC\"><\/span>RasPi-MessController RMC<span class=\"ez-toc-section-end\"><\/span><\/h2>\n\n\n\n<p>Der RMC erm\u00f6glicht eine autarke Aufzeichnung von Messwerten, welche per Ethernet, WLAN, RS485 oder RS232 angeliefert werden. Zus\u00e4tzlich k\u00f6nnen die Messwerte live in die Cloud \u00fcbertragen werden.<\/p>\n\n\n\n<p>Der MessController bietet eine einfache Anbindung an unsere Standardsoftware Trendows zur Weiterverarbeitung der Daten in Echtzeit.<\/p>\n\n\n\n<div class=\"wp-block-group is-nowrap is-layout-flex wp-container-core-group-is-layout-6c531013 wp-block-group-is-layout-flex\">\n<p>F\u00fcr den Einplatinencomputer Raspberry Pi haben wir eine Interfaceplatine entwickelt, welche folgende Funktionalit\u00e4ten bietet:<\/p>\n<\/div>\n\n\n\n<div class=\"wp-block-group is-nowrap is-layout-flex wp-container-core-group-is-layout-6c531013 wp-block-group-is-layout-flex\">\n<ul class=\"wp-block-list\">\n<li>Einbindung von Messmodulen und Messboxen mit RS485 Schnittstelle<\/li>\n\n\n\n<li>Einbindung von Messger\u00e4ten mit RS232 Schnittstelle<\/li>\n\n\n\n<li>Analoge und digitale Signalerfassung \u00fcber adaptierte Module<\/li>\n<\/ul>\n<\/div>\n\n\n\n<div style=\"height:30px\" aria-hidden=\"true\" class=\"wp-block-spacer\"><\/div>\n\n\n\n<h2 class=\"wp-block-heading\"><span class=\"ez-toc-section\" id=\"Aufbau_des_RMCs\"><\/span>Aufbau des RMCs<span class=\"ez-toc-section-end\"><\/span><\/h2>\n\n\n\n<p>Der RMC wird als eigenst\u00e4ndige Einheit in einem Hutschienen Geh\u00e4use geliefert. Auf Anfrage k\u00f6nnen Messmodule in einem gr\u00f6\u00dferen Hutschienen Geh\u00e4use verbaut werden.<\/p>\n\n\n\n<div class=\"wp-block-media-text is-stacked-on-mobile\" style=\"grid-template-columns:42% auto\"><figure class=\"wp-block-media-text__media\"><img loading=\"lazy\" decoding=\"async\" width=\"515\" height=\"484\" src=\"https:\/\/www.kirsten-controls.de\/kirsten-wp\/wp-content\/uploads\/2024\/12\/1-removebg-preview.png\" alt=\"\" class=\"wp-image-310 size-full\" srcset=\"https:\/\/www.kirsten-controls.de\/kirsten-wp\/wp-content\/uploads\/2024\/12\/1-removebg-preview.png 515w, https:\/\/www.kirsten-controls.de\/kirsten-wp\/wp-content\/uploads\/2024\/12\/1-removebg-preview-300x282.png 300w\" sizes=\"auto, (max-width: 515px) 100vw, 515px\" \/><\/figure><div class=\"wp-block-media-text__content\">\n<p>Ausf\u00fchrung im Hutschienengeh\u00e4use mit abnehmbarem oberen Deckel. Der Deckel enth\u00e4lt zwei Gummit\u00fcllen f\u00fcr die Durchf\u00fchrung von Kabeln f\u00fcr die dahinter liegenden Anschl\u00fcsse.<br>Von vorn sind zug\u00e4nglich:<\/p>\n\n\n\n<ul class=\"wp-block-list\">\n<li>4 USB A-Buchsen<\/li>\n\n\n\n<li>Ethernet LAN-Anschluss<\/li>\n<\/ul>\n\n\n\n<p>B x H x T: 106 x 91 x 62<\/p>\n<\/div><\/div>\n\n\n\n<div class=\"wp-block-media-text has-media-on-the-right is-stacked-on-mobile\" style=\"grid-template-columns:auto 45%\"><div class=\"wp-block-media-text__content\">\n<p>Geh\u00e4use von hinten mit den Steckeranschl\u00fcssen f\u00fcr:<\/p>\n\n\n\n<ul class=\"wp-block-list\">\n<li>RS485 Schnittstelle f\u00fcr einen seriellen Bus<\/li>\n\n\n\n<li>RS232 Schnittstelle<\/li>\n\n\n\n<li>Spannungsversorgung<\/li>\n<\/ul>\n<\/div><figure class=\"wp-block-media-text__media\"><img loading=\"lazy\" decoding=\"async\" width=\"563\" height=\"491\" src=\"https:\/\/www.kirsten-controls.de\/kirsten-wp\/wp-content\/uploads\/2024\/12\/17.jpg\" alt=\"\" class=\"wp-image-397 size-full\" srcset=\"https:\/\/www.kirsten-controls.de\/kirsten-wp\/wp-content\/uploads\/2024\/12\/17.jpg 563w, https:\/\/www.kirsten-controls.de\/kirsten-wp\/wp-content\/uploads\/2024\/12\/17-300x262.jpg 300w\" sizes=\"auto, (max-width: 563px) 100vw, 563px\" \/><\/figure><\/div>\n\n\n\n<div style=\"height:30px\" aria-hidden=\"true\" class=\"wp-block-spacer\"><\/div>\n\n\n\n<h2 class=\"wp-block-heading\"><span class=\"ez-toc-section\" id=\"Vielfaeltige_Anwendungsmoeglichkeiten\"><\/span>Vielf\u00e4ltige Anwendungsm\u00f6glichkeiten<span class=\"ez-toc-section-end\"><\/span><\/h2>\n\n\n\n<div style=\"height:30px\" aria-hidden=\"true\" class=\"wp-block-spacer\"><\/div>\n\n\n\n<figure class=\"wp-block-image size-full\"><img loading=\"lazy\" decoding=\"async\" width=\"762\" height=\"978\" src=\"https:\/\/www.kirsten-controls.de\/kirsten-wp\/wp-content\/uploads\/2024\/12\/messcontroller-anwendungsmoeglichkeiten.png\" alt=\"\" class=\"wp-image-402\" srcset=\"https:\/\/www.kirsten-controls.de\/kirsten-wp\/wp-content\/uploads\/2024\/12\/messcontroller-anwendungsmoeglichkeiten.png 762w, https:\/\/www.kirsten-controls.de\/kirsten-wp\/wp-content\/uploads\/2024\/12\/messcontroller-anwendungsmoeglichkeiten-234x300.png 234w\" sizes=\"auto, (max-width: 762px) 100vw, 762px\" \/><\/figure>\n\n\n\n<p><strong>RS232 Schnittstellen<br><\/strong>Die serielle RS232 Schnittstelle enth\u00e4lt die 5 Datenleitungen Rx, Tx, GND, RTS und CTS. Damit k\u00f6nnen auch Messger\u00e4te mit Hardwareprotokoll eingebunden werden.<br>F\u00fcr die Schnittstellen sind Kommunikationstreiber einiger Messger\u00e4te integriert oder werden nach Kundenbedarf entwickelt.<\/p>\n\n\n\n<p><strong>RS 485 Bus<\/strong><br>Die serielle RS485 Bus-Schnittstelle enth\u00e4lt eine hardwareseitige Umschaltung der Datenleitungen. Standardm\u00e4\u00dfig sind folgende Bus Kommunikationsprotokolle integriert:<\/p>\n\n\n\n<ul class=\"wp-block-list\">\n<li>Gantner Localbus Protokoll<\/li>\n\n\n\n<li>Modbus\/RTU<\/li>\n\n\n\n<li>Advantech ASCII-Protokoll f\u00fcr die ADAM-Module<\/li>\n<\/ul>\n\n\n\n<p><strong>App<\/strong><br>Innerhalb der RMC-Konfiguration kann ein Datenfile mit max. 48 Kan\u00e4len zusammengestellt werden. Die aktuellen Werte des Files werden in einer App angezeigt, sodass eine Kontrolle der Messwerte vor Ort m\u00f6glich ist. Die App ist nur f\u00fcr Android Smartphones erh\u00e4ltlich.<\/p>\n\n\n\n<p><strong>Browser<\/strong><br>Mit dem Browser eines Smartphones oder PCs lassen sich die historischen Daten, der in der Cloud abgespeicherten Daten bis zum aktuellen Zeitpunkt in Grafiken, x\/t-Diagramme, ansehen. Die Daten entsprechen dem angelegtem Datenfile. Die aktuellen Ergebnisse werden tabellarisch auf der Webseite angezeigt. F\u00fcr weitere Auswertungen k\u00f6nnen die Daten direkt in eine EXCEL-Tabelle exportiert werden.<\/p>\n\n\n\n<p><strong>Datenlogger<\/strong><br>Die Datenloggerfunktion des Messprogramms \u201eMess\u201c speichert die Datens\u00e4tze bestehend aus 48 Kan\u00e4len auf die Micro-SD-Karte des RasPi ab. Daf\u00fcr ist ein eigener Speicherbereich auf der Speicherkarte angelegt. Durch die Gr\u00f6\u00dfe der heutigen Speicherkarten k\u00f6nnen Millionen von Datens\u00e4tze abgespeichert werden. Das Auslesen der Datens\u00e4tze kann mit der Konfigurationssoftware ReadRaspi oder mit TrendChart erfolgen.<\/p>\n\n\n\n<p><strong>HDMI<\/strong><br>\u00dcber die HDMI-Schnittstelle k\u00f6nnen Monitore mit HDMI-Eingang angeschlossen werden. F\u00fcr unsere Messboxen vom Typ MBI32 k\u00f6nnen wir 5\u201c TS Displays einsetzen und so die Mess- und Ergebniswerte anzeigen. Innerhalb der Konfigurationsdatei vom RMC lassen sich die Displayseiten individuell definieren. Mit Bildern f\u00fcr Buttons oder Ereignisanzeige lassen sich Ergebnisse visualisieren.<\/p>\n\n\n\n<p><strong>Mobilfunk Kommunikation<\/strong><br>F\u00fcr die Daten\u00fcbertragung ohne LAN oder WLAN Netz kann der RMC um eine aufsteckbare Mobilfunkplatine oder einen Modem Stick erweitert werden.<\/p>\n\n\n\n<p><strong>Integration mit <a href=\"https:\/\/www.kirsten-controls.de\/kirsten-wp\/trendchart\/\" data-type=\"page\" data-id=\"224\">TrendChart<\/a><\/strong><br>TrendChart ist ein reines Auswerteprogramm, das die Datens\u00e4tze aus der Cloud oder dem RMC ausliest. Es ist speziell entwickelt worden um gro\u00dfe Datenmengen in kurzer Zeit auslesen und darstellen zu k\u00f6nnen. Innerhalb von TrendChart lassen sich mit mathematischen und logischen Funktionen beliebige Ereignisse herausfiltern. Mehr Informationen zu TrendChart gibt es <a href=\"https:\/\/www.kirsten-controls.de\/kirsten-wp\/trendchart\/\" data-type=\"page\" data-id=\"224\"><u>hier<\/u><\/a>.<\/p>\n\n\n\n<p><strong>Integration mit Trendows<\/strong><br>Trendows dient zur online Kommunikation mit dem RMC. Die Kommunikation erfolgt \u00fcber Modbus\/TCP. Hierbei k\u00f6nnen alle 1024 Realwerte und 1024 Bitwerte des RMC eingelesen bzw. gesendet werden.<\/p>\n\n\n\n<p><strong>ReadRaspi<\/strong><br>ReadRaspi ist die Kommunikationssoftware f\u00fcr dem RMC. Mit ihr wird festgelegt, welche messtechnische Hardware zum Einsatz kommt und wie die Messwerte mathematisch behandelt werden. Mit ReadRaspi kann auch der Datenlogger in einem w\u00e4hlbaren Zeitbereich ausgelesen werden. Die Daten werden direkt in eine<br>EXCEL-Tabelle geschrieben.<\/p>\n\n\n\n<div style=\"height:30px\" aria-hidden=\"true\" class=\"wp-block-spacer\"><\/div>\n\n\n\n<h2 class=\"wp-block-heading\"><span class=\"ez-toc-section\" id=\"Datenuebertragung_in_die_Cloud\"><\/span>Daten\u00fcbertragung in die Cloud<span class=\"ez-toc-section-end\"><\/span><\/h2>\n\n\n\n<p>Mit der WLAN-Funktion des Raspberry Pi ist ein Hotspot Betrieb zum Aufbau eines Netzwerkes f\u00fcr die kabellose Messdaten\u00fcbertragung von mehreren Messstellen und mit den Messboxen vom Typ MBI m\u00f6glich<\/p>\n\n\n\n<p>Der RMC ist softwarem\u00e4\u00dfig ausger\u00fcstet um die Daten parallel zu unserem Softwaretool WebData auf einem Webserver zu senden. WebData speichert die Daten in einer Datenbank ab, und stellt diese mithilfe einer Webanwendung dar. <\/p>\n\n\n\n<div style=\"height:100px\" aria-hidden=\"true\" class=\"wp-block-spacer\"><\/div>\n\n\n\n<div class=\"wp-block-group alignfull has-raft-fg-alt-color has-raft-accent-background-color has-text-color has-background is-layout-constrained wp-container-core-group-is-layout-87ba1f51 wp-block-group-is-layout-constrained\" style=\"margin-top:0px;margin-bottom:0px;padding-top:var(--wp--preset--spacing--80);padding-right:var(--wp--preset--spacing--40);padding-bottom:var(--wp--preset--spacing--80);padding-left:var(--wp--preset--spacing--40)\">\n<h2 class=\"wp-block-heading has-text-align-center has-raft-fg-alt-color has-text-color\">Nehmen Sie Kontakt mit uns auf!<\/h2>\n\n\n\n<div class=\"wp-block-buttons is-content-justification-center is-layout-flex wp-container-core-buttons-is-layout-a89b3969 wp-block-buttons-is-layout-flex\">\n<div class=\"wp-block-button is-style-fill\"><a class=\"wp-block-button__link has-raft-fg-alt-color has-text-color wp-element-button\" href=\"https:\/\/www.kirsten-controls.de\/kirsten-wp\/kontakt\/\">Kontakt<\/a><\/div>\n<\/div>\n<\/div>\n","protected":false},"excerpt":{"rendered":"<p>RasPi-MessController RMC Der RMC erm\u00f6glicht eine autarke Aufzeichnung von Messwerten, welche per Ethernet, WLAN, RS485 oder RS232 angeliefert werden. Zus\u00e4tzlich k\u00f6nnen die Messwerte live in die Cloud \u00fcbertragen werden. Der MessController bietet eine einfache Anbindung an unsere Standardsoftware Trendows zur Weiterverarbeitung der Daten in Echtzeit. F\u00fcr den Einplatinencomputer Raspberry Pi haben wir eine Interfaceplatine entwickelt, [&hellip;]<\/p>\n","protected":false},"author":1,"featured_media":0,"parent":0,"menu_order":0,"comment_status":"closed","ping_status":"closed","template":"","meta":{"footnotes":""},"class_list":["post-305","page","type-page","status-publish","hentry"],"_links":{"self":[{"href":"https:\/\/www.kirsten-controls.de\/kirsten-wp\/wp-json\/wp\/v2\/pages\/305","targetHints":{"allow":["GET"]}}],"collection":[{"href":"https:\/\/www.kirsten-controls.de\/kirsten-wp\/wp-json\/wp\/v2\/pages"}],"about":[{"href":"https:\/\/www.kirsten-controls.de\/kirsten-wp\/wp-json\/wp\/v2\/types\/page"}],"author":[{"embeddable":true,"href":"https:\/\/www.kirsten-controls.de\/kirsten-wp\/wp-json\/wp\/v2\/users\/1"}],"replies":[{"embeddable":true,"href":"https:\/\/www.kirsten-controls.de\/kirsten-wp\/wp-json\/wp\/v2\/comments?post=305"}],"version-history":[{"count":29,"href":"https:\/\/www.kirsten-controls.de\/kirsten-wp\/wp-json\/wp\/v2\/pages\/305\/revisions"}],"predecessor-version":[{"id":759,"href":"https:\/\/www.kirsten-controls.de\/kirsten-wp\/wp-json\/wp\/v2\/pages\/305\/revisions\/759"}],"wp:attachment":[{"href":"https:\/\/www.kirsten-controls.de\/kirsten-wp\/wp-json\/wp\/v2\/media?parent=305"}],"curies":[{"name":"wp","href":"https:\/\/api.w.org\/{rel}","templated":true}]}}